{"id":469,"date":"2025-04-22T16:41:56","date_gmt":"2025-04-22T16:41:56","guid":{"rendered":"https:\/\/supernovaoficial.com\/es\/?page_id=469"},"modified":"2025-06-13T13:53:51","modified_gmt":"2025-06-13T13:53:51","slug":"politicas-de-privacidad","status":"publish","type":"page","link":"https:\/\/supernovaoficial.com\/es\/politicas-de-privacidad\/","title":{"rendered":"Pol\u00edticas de privacidad"},"content":{"rendered":"\t\t<div data-elementor-type=\"wp-page\" data-elementor-id=\"469\" class=\"elementor elementor-469\" data-elementor-post-type=\"page\">\n\t\t\t\t<div class=\"elementor-element elementor-element-2b5a3ff e-flex e-con-boxed e-con e-parent\" data-id=\"2b5a3ff\" data-element_type=\"container\" data-settings=\"{&quot;jet_parallax_layout_list&quot;:[]}\">\n\t\t\t\t\t<div class=\"e-con-inner\">\n\t\t\t\t<div class=\"elementor-element elementor-element-68ec943 elementor-widget elementor-widget-heading\" data-id=\"68ec943\" data-element_type=\"widget\" data-widget_type=\"heading.default\">\n\t\t\t\t<div class=\"elementor-widget-container\">\n\t\t\t\t\t<h2 class=\"elementor-heading-title elementor-size-default\">Pol\u00edtica de Privacidad y Protecci\u00f3n de Datos<\/h2>\t\t\t\t<\/div>\n\t\t\t\t<\/div>\n\t\t\t\t<div class=\"elementor-element elementor-element-5362062 elementor-widget elementor-widget-heading\" data-id=\"5362062\" data-element_type=\"widget\" data-widget_type=\"heading.default\">\n\t\t\t\t<div class=\"elementor-widget-container\">\n\t\t\t\t\t<h3 class=\"elementor-heading-title elementor-size-default\">Tu confianza es importante. Conoce c\u00f3mo protegemos, usamos y respetamos tu informaci\u00f3n personal.<\/h3>\t\t\t\t<\/div>\n\t\t\t\t<\/div>\n\t\t\t\t<div class=\"elementor-element elementor-element-53a64d2 elementor-widget elementor-widget-text-editor\" data-id=\"53a64d2\" data-element_type=\"widget\" data-widget_type=\"text-editor.default\">\n\t\t\t\t<div class=\"elementor-widget-container\">\n\t\t\t\t\t\t\t\t\t<p><span style=\"font-weight: 400;\">Esta Pol\u00edtica de Privacidad describe los t\u00e9rminos en los que Supernova recopila, utiliza y protege la informaci\u00f3n proporcionada por sus usuarios al navegar en nuestro sitio web. Estamos comprometidos con la seguridad de tus datos personales. Cuando te solicitamos llenar campos con informaci\u00f3n personal con la cual puedas ser identificado, puedes tener la seguridad de que solo se utilizar\u00e1 de acuerdo con esta pol\u00edtica. No obstante, esta pol\u00edtica puede ser actualizada o modificada, por lo que te recomendamos revisarla peri\u00f3dicamente para asegurarte de estar de acuerdo con cualquier cambio.<\/span><\/p><p><b>Informaci\u00f3n que recopilamos<\/b><\/p><p><span style=\"font-weight: 400;\">Nuestro sitio web puede recopilar datos personales como tu nombre, informaci\u00f3n de contacto (correo electr\u00f3nico, tel\u00e9fono), direcci\u00f3n de env\u00edo y datos demogr\u00e1ficos. Adem\u00e1s, es posible que solicitemos informaci\u00f3n espec\u00edfica para procesar pedidos, entregas o facturaci\u00f3n, cuando sea necesario.<\/span><\/p><p><b>Uso de la informaci\u00f3n recopilada<\/b><\/p><p><span style=\"font-weight: 400;\">Utilizamos esta informaci\u00f3n para brindar el mejor servicio posible, especialmente para mantener un registro de usuarios y pedidos, y para mejorar nuestros productos y servicios. Ocasionalmente, podremos enviar correos electr\u00f3nicos promocionales con ofertas especiales, nuevos productos u otras novedades que consideremos de tu inter\u00e9s. Estos correos ser\u00e1n enviados a la direcci\u00f3n que proporciones y podr\u00e1s darte de baja en cualquier momento.<\/span><\/p><p><span style=\"font-weight: 400;\">Supernova est\u00e1 comprometida con la seguridad de tus datos. Implementamos sistemas avanzados y los actualizamos constantemente para evitar accesos no autorizados.<\/span><\/p><p><b>Uso de cookies<\/b><\/p><p><span style=\"font-weight: 400;\">Las cookies son peque\u00f1os archivos enviados a tu dispositivo con el fin de recopilar informaci\u00f3n sobre el tr\u00e1fico web y personalizar futuras visitas. Nos ayudan a reconocer a los usuarios y adaptar nuestros servicios.<\/span><\/p><p><span style=\"font-weight: 400;\">Nuestro sitio web utiliza cookies para identificar qu\u00e9 p\u00e1ginas son visitadas y con qu\u00e9 frecuencia. Esta informaci\u00f3n se utiliza \u00fanicamente para an\u00e1lisis estad\u00edstico, y luego se elimina de forma permanente. Puedes eliminar las cookies de tu dispositivo en cualquier momento, aunque esto podr\u00eda afectar algunas funcionalidades del sitio. La mayor\u00eda de navegadores aceptan cookies autom\u00e1ticamente, pero puedes modificar la configuraci\u00f3n para rechazarlas si lo prefieres.<\/span><\/p><p><b>Enlaces a terceros<\/b><\/p><p><span style=\"font-weight: 400;\">Nuestro sitio web puede contener enlaces a otros sitios que puedan ser de tu inter\u00e9s. Una vez que haces clic en estos enlaces y abandonas nuestro sitio, Supernova ya no tiene control sobre las pol\u00edticas de privacidad de esos sitios externos. Te recomendamos revisar sus pol\u00edticas para asegurarte de estar conforme con ellas.<\/span><\/p><p><b>Control de tu informaci\u00f3n personal<\/b><\/p><p><span style=\"font-weight: 400;\">Puedes restringir la recopilaci\u00f3n o el uso de tu informaci\u00f3n personal en nuestro sitio web en cualquier momento. Al completar formularios, puedes elegir si deseas recibir informaci\u00f3n promocional por correo electr\u00f3nico. Si te has suscrito a nuestro bolet\u00edn o materiales de marketing, puedes darte de baja en cualquier momento.<\/span><\/p><p><span style=\"font-weight: 400;\">Supernova no vender\u00e1, alquilar\u00e1 ni distribuir\u00e1 tu informaci\u00f3n personal sin tu consentimiento, salvo que sea requerido por una autoridad competente conforme a la ley.<\/span><\/p><p><span style=\"font-weight: 400;\">Nos reservamos el derecho de modificar esta Pol\u00edtica de Privacidad en cualquier momento. Cualquier cambio ser\u00e1 publicado en esta p\u00e1gina.<\/span><\/p>\t\t\t\t\t\t\t\t<\/div>\n\t\t\t\t<\/div>\n\t\t\t\t<div class=\"elementor-element elementor-element-c6a0415 elementor-widget elementor-widget-button\" data-id=\"c6a0415\" data-element_type=\"widget\" data-widget_type=\"button.default\">\n\t\t\t\t<div class=\"elementor-widget-container\">\n\t\t\t\t\t\t\t\t\t<div class=\"elementor-button-wrapper\">\n\t\t\t\t\t<a class=\"elementor-button elementor-button-link elementor-size-sm\" href=\"https:\/\/supernovaoficial.com\/es\">\n\t\t\t\t\t\t<span class=\"elementor-button-content-wrapper\">\n\t\t\t\t\t\t\t\t\t<span class=\"elementor-button-text\">Volver al inicio<\/span>\n\t\t\t\t\t<\/span>\n\t\t\t\t\t<\/a>\n\t\t\t\t<\/div>\n\t\t\t\t\t\t\t\t<\/div>\n\t\t\t\t<\/div>\n\t\t\t\t\t<\/div>\n\t\t\t\t<\/div>\n\t\t\t\t<\/div>\n\t\t","protected":false},"excerpt":{"rendered":"<p>Pol\u00edtica de Privacidad y Protecci\u00f3n de Datos Tu confianza es importante. Conoce c\u00f3mo protegemos, usamos y respetamos tu informaci\u00f3n personal. Esta Pol\u00edtica de Privacidad describe los t\u00e9rminos en los que Supernova recopila, utiliza y protege la informaci\u00f3n proporcionada por sus usuarios al navegar en nuestro sitio web. Estamos comprometidos con la seguridad de tus datos [&hellip;]<\/p>\n","protected":false},"author":5,"featured_media":0,"parent":0,"menu_order":0,"comment_status":"closed","ping_status":"closed","template":"","meta":{"footnotes":""},"class_list":["post-469","page","type-page","status-publish","hentry"],"_links":{"self":[{"href":"https:\/\/supernovaoficial.com\/es\/wp-json\/wp\/v2\/pages\/469","targetHints":{"allow":["GET"]}}],"collection":[{"href":"https:\/\/supernovaoficial.com\/es\/wp-json\/wp\/v2\/pages"}],"about":[{"href":"https:\/\/supernovaoficial.com\/es\/wp-json\/wp\/v2\/types\/page"}],"author":[{"embeddable":true,"href":"https:\/\/supernovaoficial.com\/es\/wp-json\/wp\/v2\/users\/5"}],"replies":[{"embeddable":true,"href":"https:\/\/supernovaoficial.com\/es\/wp-json\/wp\/v2\/comments?post=469"}],"version-history":[{"count":7,"href":"https:\/\/supernovaoficial.com\/es\/wp-json\/wp\/v2\/pages\/469\/revisions"}],"predecessor-version":[{"id":3289,"href":"https:\/\/supernovaoficial.com\/es\/wp-json\/wp\/v2\/pages\/469\/revisions\/3289"}],"wp:attachment":[{"href":"https:\/\/supernovaoficial.com\/es\/wp-json\/wp\/v2\/media?parent=469"}],"curies":[{"name":"wp","href":"https:\/\/api.w.org\/{rel}","templated":true}]}}