{"id":452,"date":"2025-04-22T16:12:33","date_gmt":"2025-04-22T16:12:33","guid":{"rendered":"https:\/\/supernovaoficial.com\/es\/?page_id=452"},"modified":"2025-06-13T14:00:47","modified_gmt":"2025-06-13T14:00:47","slug":"unete-a-nuestro-equipo","status":"publish","type":"page","link":"https:\/\/supernovaoficial.com\/es\/unete-a-nuestro-equipo\/","title":{"rendered":"\u00danete a nuestro equipo"},"content":{"rendered":"\t\t<div data-elementor-type=\"wp-page\" data-elementor-id=\"452\" class=\"elementor elementor-452\" data-elementor-post-type=\"page\">\n\t\t\t\t<div class=\"elementor-element elementor-element-d2bcc89 e-flex e-con-boxed e-con e-parent\" data-id=\"d2bcc89\" data-element_type=\"container\" data-settings=\"{&quot;jet_parallax_layout_list&quot;:[]}\">\n\t\t\t\t\t<div class=\"e-con-inner\">\n\t\t\t\t<div class=\"elementor-element elementor-element-e36ce10 elementor-widget elementor-widget-heading\" data-id=\"e36ce10\" data-element_type=\"widget\" data-widget_type=\"heading.default\">\n\t\t\t\t<div class=\"elementor-widget-container\">\n\t\t\t\t\t<h2 class=\"elementor-heading-title elementor-size-default\">\u00danete a <b>nuestro equipo<\/b><\/h2>\t\t\t\t<\/div>\n\t\t\t\t<\/div>\n\t\t\t\t<div class=\"elementor-element elementor-element-efbc1fb elementor-widget elementor-widget-heading\" data-id=\"efbc1fb\" data-element_type=\"widget\" data-widget_type=\"heading.default\">\n\t\t\t\t<div class=\"elementor-widget-container\">\n\t\t\t\t\t<h3 class=\"elementor-heading-title elementor-size-default\">Crea emociones. Dise\u00f1a experiencias. S\u00e9 parte de Supernova.<\/h3>\t\t\t\t<\/div>\n\t\t\t\t<\/div>\n\t\t\t\t<div class=\"elementor-element elementor-element-a0c4ec9 elementor-widget elementor-widget-text-editor\" data-id=\"a0c4ec9\" data-element_type=\"widget\" data-widget_type=\"text-editor.default\">\n\t\t\t\t<div class=\"elementor-widget-container\">\n\t\t\t\t\t\t\t\t\t<p><span style=\"font-weight: 400;\">En Supernova no solo personalizamos regalos, personalizamos momentos, emociones y conexiones reales.<\/span><span style=\"font-weight: 400;\"><br \/><\/span><span style=\"font-weight: 400;\"> Por eso, nuestro equipo est\u00e1 formado por personas que sienten, crean, se atreven y, sobre todo, ponen el coraz\u00f3n en todo lo que hacen.<\/span><\/p><p><span style=\"font-weight: 400;\">Creemos en el poder de las ideas, en la magia de lo hecho a mano (o cortado con l\u00e1ser) y en construir una marca que inspire desde adentro hacia afuera.<\/span><span style=\"font-weight: 400;\"><br \/><\/span><span style=\"font-weight: 400;\"> Si t\u00fa tambi\u00e9n crees que un objeto puede alegrar el d\u00eda \u2014o incluso la vida\u2014 de alguien, este es tu lugar.<\/span><\/p>\t\t\t\t\t\t\t\t<\/div>\n\t\t\t\t<\/div>\n\t\t<div class=\"elementor-element elementor-element-6171b2d e-con-full e-flex e-con e-child\" data-id=\"6171b2d\" data-element_type=\"container\" data-settings=\"{&quot;jet_parallax_layout_list&quot;:[]}\">\n\t\t<div class=\"elementor-element elementor-element-ee707ec e-con-full e-flex e-con e-child\" data-id=\"ee707ec\" data-element_type=\"container\" data-settings=\"{&quot;jet_parallax_layout_list&quot;:[]}\">\n\t\t\t\t<div class=\"elementor-element elementor-element-bf625e4 elementor-widget elementor-widget-html\" data-id=\"bf625e4\" data-element_type=\"widget\" data-widget_type=\"html.default\">\n\t\t\t\t<div class=\"elementor-widget-container\">\n\t\t\t\t\t<script>\r\ndocument.addEventListener('DOMContentLoaded', function() {\r\n  const fileInputs = document.querySelectorAll('input[type=\"file\"]');\r\n\r\n  fileInputs.forEach(function(input) {\r\n    \/\/ Crear etiqueta personalizada\r\n    const label = document.createElement('label');\r\n    label.textContent = 'Choose file';\r\n    label.setAttribute('for', input.id);\r\n    label.style.display = 'inline-block';\r\n    label.style.background = '#0073e6';\r\n    label.style.color = '#fff';\r\n    label.style.padding = '8px 16px';\r\n    label.style.borderRadius = '5px';\r\n    label.style.cursor = 'pointer';\r\n    label.style.marginRight = '10px';\r\n\r\n    \/\/ Crear span para mostrar el nombre del archivo\r\n    const fileNameSpan = document.createElement('span');\r\n    fileNameSpan.textContent = 'No file chosen';\r\n\r\n    \/\/ Ocultar el input original\r\n    input.style.display = 'none';\r\n\r\n    \/\/ Insertar elementos\r\n    input.parentNode.insertBefore(label, input);\r\n    input.parentNode.insertBefore(fileNameSpan, input.nextSibling);\r\n\r\n    \/\/ Evento para actualizar nombre\r\n    input.addEventListener('change', function() {\r\n      const fileName = input.files.length > 0 ? input.files[0].name : 'No file chosen';\r\n      fileNameSpan.textContent = fileName;\r\n    });\r\n  });\r\n});\r\n<\/script>\r\n\t\t\t\t<\/div>\n\t\t\t\t<\/div>\n\t\t\t\t<div class=\"elementor-element elementor-element-eb6d32c elementor-button-align-stretch elementor-widget elementor-widget-form\" data-id=\"eb6d32c\" data-element_type=\"widget\" data-settings=\"{&quot;step_next_label&quot;:&quot;Next&quot;,&quot;step_previous_label&quot;:&quot;Previous&quot;,&quot;button_width&quot;:&quot;100&quot;,&quot;step_type&quot;:&quot;number_text&quot;,&quot;step_icon_shape&quot;:&quot;circle&quot;}\" data-widget_type=\"form.default\">\n\t\t\t\t<div class=\"elementor-widget-container\">\n\t\t\t\t\t\t\t<form class=\"elementor-form\" method=\"post\" name=\"team\">\n\t\t\t<input type=\"hidden\" name=\"post_id\" value=\"452\"\/>\n\t\t\t<input type=\"hidden\" name=\"form_id\" value=\"eb6d32c\"\/>\n\t\t\t<input type=\"hidden\" name=\"referer_title\" value=\"\" \/>\n\n\t\t\t\n\t\t\t<div class=\"elementor-form-fields-wrapper elementor-labels-above\">\n\t\t\t\t\t\t\t\t<div class=\"elementor-field-type-text elementor-field-group elementor-column elementor-field-group-name elementor-col-100\">\n\t\t\t\t\t\t\t\t\t\t\t\t\t<input size=\"1\" type=\"text\" name=\"form_fields[name]\" id=\"form-field-name\" class=\"elementor-field elementor-size-sm  elementor-field-textual\" placeholder=\"Nombre\">\n\t\t\t\t\t\t\t\t\t\t\t<\/div>\n\t\t\t\t\t\t\t\t<div class=\"elementor-field-type-email elementor-field-group elementor-column elementor-field-group-email elementor-col-100 elementor-field-required\">\n\t\t\t\t\t\t\t\t\t\t\t\t\t<input size=\"1\" type=\"email\" name=\"form_fields[email]\" id=\"form-field-email\" class=\"elementor-field elementor-size-sm  elementor-field-textual\" placeholder=\"Correo electr\u00f3nico\" required=\"required\">\n\t\t\t\t\t\t\t\t\t\t\t<\/div>\n\t\t\t\t\t\t\t\t<div class=\"elementor-field-type-tel elementor-field-group elementor-column elementor-field-group-field_6f1e6dd elementor-col-100 elementor-field-required\">\n\t\t\t\t\t\t\t<input size=\"1\" type=\"tel\" name=\"form_fields[field_6f1e6dd]\" id=\"form-field-field_6f1e6dd\" class=\"elementor-field elementor-size-sm  elementor-field-textual\" placeholder=\"Tel\u00e9fono\" required=\"required\" pattern=\"[0-9()#&amp;+*-=.]+\" title=\"Solo se aceptan n\u00fameros y caracteres de tel\u00e9fono (#,-,*,etc).\">\n\n\t\t\t\t\t\t<\/div>\n\t\t\t\t\t\t\t\t<div class=\"elementor-field-type-text elementor-field-group elementor-column elementor-field-group-field_b820fe6 elementor-col-100 elementor-field-required\">\n\t\t\t\t\t\t\t\t\t\t\t\t\t<input size=\"1\" type=\"text\" name=\"form_fields[field_b820fe6]\" id=\"form-field-field_b820fe6\" class=\"elementor-field elementor-size-sm  elementor-field-textual\" placeholder=\" Cargo al que deseas postularte*\" required=\"required\">\n\t\t\t\t\t\t\t\t\t\t\t<\/div>\n\t\t\t\t\t\t\t\t<div class=\"elementor-field-type-upload elementor-field-group elementor-column elementor-field-group-field_f4bd4af elementor-col-100 elementor-field-required\">\n\t\t\t\t\t\t\t\t\t\t\t\t<label for=\"form-field-field_f4bd4af\" class=\"elementor-field-label\">\n\t\t\t\t\t\t\t\t Adjunta tu hoja de vida\t\t\t\t\t\t\t<\/label>\n\t\t\t\t\t\t\t\t<input type=\"file\" name=\"form_fields[field_f4bd4af]\" id=\"form-field-field_f4bd4af\" class=\"elementor-field elementor-size-sm  elementor-upload-field\" required=\"required\">\n\n\t\t\t\t\t\t<\/div>\n\t\t\t\t\t\t\t\t<div class=\"elementor-field-type-textarea elementor-field-group elementor-column elementor-field-group-message elementor-col-100\">\n\t\t\t\t\t<textarea class=\"elementor-field-textual elementor-field  elementor-size-sm\" name=\"form_fields[message]\" id=\"form-field-message\" rows=\"4\" placeholder=\"Mensaje\"><\/textarea>\t\t\t\t<\/div>\n\t\t\t\t\t\t\t\t<div class=\"elementor-field-type-acceptance elementor-field-group elementor-column elementor-field-group-field_4b36f33 elementor-col-100 elementor-field-required\">\n\t\t\t\t\t\t\t<div class=\"elementor-field-subgroup\">\n\t\t\t<span class=\"elementor-field-option\">\n\t\t\t\t<input type=\"checkbox\" name=\"form_fields[field_4b36f33]\" id=\"form-field-field_4b36f33\" class=\"elementor-field elementor-size-sm  elementor-acceptance-field\" required=\"required\" checked=\"checked\">\n\t\t\t\t<label for=\"form-field-field_4b36f33\">Acepto las <a href=\"\/privacy-policies\/\" target=\"blank\"> pol\u00edticas de privacidad<\/a>\n<\/label>\t\t\t<\/span>\n\t\t<\/div>\n\t\t\t\t\t\t<\/div>\n\t\t\t\t\t\t\t\t<div class=\"elementor-field-type-recaptcha_v3 elementor-field-group elementor-column elementor-field-group-field_9bcea5c elementor-col-100 recaptcha_v3-bottomright\">\n\t\t\t\t\t<div class=\"elementor-field\" id=\"form-field-field_9bcea5c\"><div class=\"elementor-g-recaptcha\" data-sitekey=\"6Lea8FQrAAAAANEgpjvOiMo70zCgAleuvGRN65zh\" data-type=\"v3\" data-action=\"Form\" data-badge=\"bottomright\" data-size=\"invisible\"><\/div><\/div>\t\t\t\t<\/div>\n\t\t\t\t\t\t\t\t<div class=\"elementor-field-type-text\">\n\t\t\t\t\t<input size=\"1\" type=\"text\" name=\"form_fields[field_e3f2bb5]\" id=\"form-field-field_e3f2bb5\" class=\"elementor-field elementor-size-sm \" style=\"display:none !important;\">\t\t\t\t<\/div>\n\t\t\t\t\t\t\t\t<div class=\"elementor-field-group elementor-column elementor-field-type-submit elementor-col-100 e-form__buttons\">\n\t\t\t\t\t<button class=\"elementor-button elementor-size-sm\" type=\"submit\">\n\t\t\t\t\t\t<span class=\"elementor-button-content-wrapper\">\n\t\t\t\t\t\t\t\t\t\t\t\t\t\t\t\t\t\t\t\t\t\t<span class=\"elementor-button-text\">Enviar<\/span>\n\t\t\t\t\t\t\t\t\t\t\t\t\t<\/span>\n\t\t\t\t\t<\/button>\n\t\t\t\t<\/div>\n\t\t\t<\/div>\n\t\t<\/form>\n\t\t\t\t\t\t<\/div>\n\t\t\t\t<\/div>\n\t\t\t\t<\/div>\n\t\t<div class=\"elementor-element elementor-element-144e2a2 e-con-full e-flex e-con e-child\" data-id=\"144e2a2\" data-element_type=\"container\" data-settings=\"{&quot;jet_parallax_layout_list&quot;:[]}\">\n\t\t\t\t<div class=\"elementor-element elementor-element-c2f7e07 elementor-widget elementor-widget-image\" data-id=\"c2f7e07\" data-element_type=\"widget\" data-widget_type=\"image.default\">\n\t\t\t\t<div class=\"elementor-widget-container\">\n\t\t\t\t\t\t\t\t\t\t\t\t\t\t\t<img fetchpriority=\"high\" decoding=\"async\" width=\"598\" height=\"590\" src=\"https:\/\/supernovaoficial.com\/es\/wp-content\/uploads\/group-graphic-designers-raising-arms-1.jpg\" class=\"attachment-large size-large wp-image-457\" alt=\"\" srcset=\"https:\/\/supernovaoficial.com\/es\/wp-content\/uploads\/group-graphic-designers-raising-arms-1.jpg 598w, https:\/\/supernovaoficial.com\/es\/wp-content\/uploads\/group-graphic-designers-raising-arms-1-300x296.jpg 300w, https:\/\/supernovaoficial.com\/es\/wp-content\/uploads\/group-graphic-designers-raising-arms-1-100x100.jpg 100w\" sizes=\"(max-width: 598px) 100vw, 598px\" \/>\t\t\t\t\t\t\t\t\t\t\t\t\t\t\t<\/div>\n\t\t\t\t<\/div>\n\t\t\t\t<\/div>\n\t\t\t\t<\/div>\n\t\t\t\t\t<\/div>\n\t\t\t\t<\/div>\n\t\t\t\t<\/div>\n\t\t","protected":false},"excerpt":{"rendered":"<p>\u00danete a nuestro equipo Crea emociones. Dise\u00f1a experiencias. S\u00e9 parte de Supernova. En Supernova no solo personalizamos regalos, personalizamos momentos, emociones y conexiones reales. Por eso, nuestro equipo est\u00e1 formado por personas que sienten, crean, se atreven y, sobre todo, ponen el coraz\u00f3n en todo lo que hacen. Creemos en el poder de las ideas, [&hellip;]<\/p>\n","protected":false},"author":5,"featured_media":0,"parent":0,"menu_order":0,"comment_status":"closed","ping_status":"closed","template":"","meta":{"footnotes":""},"class_list":["post-452","page","type-page","status-publish","hentry"],"_links":{"self":[{"href":"https:\/\/supernovaoficial.com\/es\/wp-json\/wp\/v2\/pages\/452","targetHints":{"allow":["GET"]}}],"collection":[{"href":"https:\/\/supernovaoficial.com\/es\/wp-json\/wp\/v2\/pages"}],"about":[{"href":"https:\/\/supernovaoficial.com\/es\/wp-json\/wp\/v2\/types\/page"}],"author":[{"embeddable":true,"href":"https:\/\/supernovaoficial.com\/es\/wp-json\/wp\/v2\/users\/5"}],"replies":[{"embeddable":true,"href":"https:\/\/supernovaoficial.com\/es\/wp-json\/wp\/v2\/comments?post=452"}],"version-history":[{"count":4,"href":"https:\/\/supernovaoficial.com\/es\/wp-json\/wp\/v2\/pages\/452\/revisions"}],"predecessor-version":[{"id":3293,"href":"https:\/\/supernovaoficial.com\/es\/wp-json\/wp\/v2\/pages\/452\/revisions\/3293"}],"wp:attachment":[{"href":"https:\/\/supernovaoficial.com\/es\/wp-json\/wp\/v2\/media?parent=452"}],"curies":[{"name":"wp","href":"https:\/\/api.w.org\/{rel}","templated":true}]}}